{"id":304,"date":"2025-05-17T02:13:53","date_gmt":"2025-05-17T00:13:53","guid":{"rendered":"https:\/\/donalucia.es\/?page_id=304"},"modified":"2025-05-17T02:13:53","modified_gmt":"2025-05-17T00:13:53","slug":"password-reset","status":"publish","type":"page","link":"https:\/\/donalucia.es\/?page_id=304","title":{"rendered":"Restablecer la contrase\u00f1a"},"content":{"rendered":"\n<div class=\"um um-password um-um_password_id\">\n\t<div class=\"um-form\">\n\t\t<form method=\"post\" action=\"\">\n\t\t\t\n\t\t\t\t<input type=\"hidden\" name=\"_um_password_reset\" id=\"_um_password_reset\" value=\"1\" \/>\n\n\t\t\t\t\t\t\t\t\t<div class=\"um-field um-field-block um-field-type_block\">\n\t\t\t\t\t\t<div class=\"um-field-block\">\n\t\t\t\t\t\t\t<div style=\"text-align:center;\">\n\t\t\t\t\t\t\t\tPara restablecer tu contrase\u00f1a, por favor, introduce a continuaci\u00f3n tu direcci\u00f3n de correo electr\u00f3nico o nombre de usuario.\t\t\t\t\t\t\t<\/div>\n\t\t\t\t\t\t<\/div>\n\t\t\t\t\t<\/div>\n\t\t\t\t<div  id=\"um_field_0_username_b\" class=\"um-field um-field-text  um-field-username_b um-field-text um-field-type_text\" data-key=\"username_b\"><div class=\"um-field-area\"><input  autocomplete=\"off\" class=\"um-form-field valid \" type=\"text\" name=\"username_b\" id=\"username_b\" value=\"\" placeholder=\"Introduce tu nombre de usuario o correo electr\u00f3nico\" data-validate=\"\" data-key=\"username_b\"  aria-invalid=\"false\" \/>\n\n\t\t\t\t\t\t<\/div><\/div>\n\t\t\t\t<div class=\"um-col-alt um-col-alt-b\">\n\n\t\t\t\t\t<div class=\"um-center\">\n\t\t\t\t\t\t<input type=\"submit\" value=\"Restablecer contrase\u00f1a\" class=\"um-button\" id=\"um-submit-btn\" \/>\n\t\t\t\t\t<\/div>\n\n\t\t\t\t\t<div class=\"um-clear\"><\/div>\n\n\t\t\t\t<\/div>\n\n\t\t\t\t\t<input type=\"hidden\" name=\"form_id\" id=\"form_id_um_password_id\" value=\"um_password_id\" \/>\n\t\t<p class=\"um_request_name\">\n\t\t<label for=\"um_request_um_password_id\">Only fill in if you are not human<\/label>\n\t\t<input type=\"hidden\" name=\"um_request\" id=\"um_request_um_password_id\" class=\"input\" value=\"\" size=\"25\" autocomplete=\"off\" \/>\n\t<\/p>\n\t\t\t<\/form>\n\t<\/div>\n<\/div>\n<style>\n\t\t\t.um-um_password_id.um {\n\t\t\tmax-width: 450px;\n\t\t}\n\t\t<\/style>\n\n","protected":false},"excerpt":{"rendered":"","protected":false},"author":1,"featured_media":0,"parent":0,"menu_order":0,"comment_status":"closed","ping_status":"closed","template":"","meta":{"footnotes":""},"class_list":["post-304","page","type-page","status-publish","hentry"],"yoast_head":"<!-- This site is optimized with the Yoast SEO plugin v25.0 - https:\/\/yoast.com\/wordpress\/plugins\/seo\/ -->\n<title>Restablecer la contrase\u00f1a - Do\u00f1a Lucia<\/title>\n<meta name=\"robots\" content=\"index, follow, max-snippet:-1, max-image-preview:large, max-video-preview:-1\" \/>\n<link rel=\"canonical\" href=\"https:\/\/donalucia.es\/?page_id=304\" \/>\n<meta property=\"og:locale\" content=\"es_ES\" \/>\n<meta property=\"og:type\" content=\"article\" \/>\n<meta property=\"og:title\" content=\"Restablecer la contrase\u00f1a - Do\u00f1a Lucia\" \/>\n<meta property=\"og:url\" content=\"https:\/\/donalucia.es\/?page_id=304\" \/>\n<meta property=\"og:site_name\" content=\"Do\u00f1a Lucia\" \/>\n<meta name=\"twitter:card\" content=\"summary_large_image\" \/>\n<script type=\"application\/ld+json\" class=\"yoast-schema-graph\">{\"@context\":\"https:\/\/schema.org\",\"@graph\":[{\"@type\":\"WebPage\",\"@id\":\"https:\/\/donalucia.es\/?page_id=304\",\"url\":\"https:\/\/donalucia.es\/?page_id=304\",\"name\":\"Restablecer la contrase\u00f1a - Do\u00f1a Lucia\",\"isPartOf\":{\"@id\":\"http:\/\/donalucia.es\/#website\"},\"datePublished\":\"2025-05-17T00:13:53+00:00\",\"breadcrumb\":{\"@id\":\"https:\/\/donalucia.es\/?page_id=304#breadcrumb\"},\"inLanguage\":\"es\",\"potentialAction\":[{\"@type\":\"ReadAction\",\"target\":[\"https:\/\/donalucia.es\/?page_id=304\"]}]},{\"@type\":\"BreadcrumbList\",\"@id\":\"https:\/\/donalucia.es\/?page_id=304#breadcrumb\",\"itemListElement\":[{\"@type\":\"ListItem\",\"position\":1,\"name\":\"Home\",\"item\":\"http:\/\/donalucia.es\/\"},{\"@type\":\"ListItem\",\"position\":2,\"name\":\"Restablecer la contrase\u00f1a\"}]},{\"@type\":\"WebSite\",\"@id\":\"http:\/\/donalucia.es\/#website\",\"url\":\"http:\/\/donalucia.es\/\",\"name\":\"Do\u00f1a Lucia\",\"description\":\"Empanadas artesanas congeladas\",\"publisher\":{\"@id\":\"http:\/\/donalucia.es\/#organization\"},\"potentialAction\":[{\"@type\":\"SearchAction\",\"target\":{\"@type\":\"EntryPoint\",\"urlTemplate\":\"http:\/\/donalucia.es\/?s={search_term_string}\"},\"query-input\":{\"@type\":\"PropertyValueSpecification\",\"valueRequired\":true,\"valueName\":\"search_term_string\"}}],\"inLanguage\":\"es\"},{\"@type\":\"Organization\",\"@id\":\"http:\/\/donalucia.es\/#organization\",\"name\":\"Do\u00f1a Lucia\",\"url\":\"http:\/\/donalucia.es\/\",\"logo\":{\"@type\":\"ImageObject\",\"inLanguage\":\"es\",\"@id\":\"http:\/\/donalucia.es\/#\/schema\/logo\/image\/\",\"url\":\"https:\/\/donalucia.es\/wp-content\/uploads\/2025\/05\/DonaLucia_Marca_PDF-06.png\",\"contentUrl\":\"https:\/\/donalucia.es\/wp-content\/uploads\/2025\/05\/DonaLucia_Marca_PDF-06.png\",\"width\":935,\"height\":343,\"caption\":\"Do\u00f1a Lucia\"},\"image\":{\"@id\":\"http:\/\/donalucia.es\/#\/schema\/logo\/image\/\"}}]}<\/script>\n<!-- \/ Yoast SEO plugin. -->","yoast_head_json":{"title":"Restablecer la contrase\u00f1a - Do\u00f1a Lucia","robots":{"index":"index","follow":"follow","max-snippet":"max-snippet:-1","max-image-preview":"max-image-preview:large","max-video-preview":"max-video-preview:-1"},"canonical":"https:\/\/donalucia.es\/?page_id=304","og_locale":"es_ES","og_type":"article","og_title":"Restablecer la contrase\u00f1a - Do\u00f1a Lucia","og_url":"https:\/\/donalucia.es\/?page_id=304","og_site_name":"Do\u00f1a Lucia","twitter_card":"summary_large_image","schema":{"@context":"https:\/\/schema.org","@graph":[{"@type":"WebPage","@id":"https:\/\/donalucia.es\/?page_id=304","url":"https:\/\/donalucia.es\/?page_id=304","name":"Restablecer la contrase\u00f1a - Do\u00f1a Lucia","isPartOf":{"@id":"http:\/\/donalucia.es\/#website"},"datePublished":"2025-05-17T00:13:53+00:00","breadcrumb":{"@id":"https:\/\/donalucia.es\/?page_id=304#breadcrumb"},"inLanguage":"es","potentialAction":[{"@type":"ReadAction","target":["https:\/\/donalucia.es\/?page_id=304"]}]},{"@type":"BreadcrumbList","@id":"https:\/\/donalucia.es\/?page_id=304#breadcrumb","itemListElement":[{"@type":"ListItem","position":1,"name":"Home","item":"http:\/\/donalucia.es\/"},{"@type":"ListItem","position":2,"name":"Restablecer la contrase\u00f1a"}]},{"@type":"WebSite","@id":"http:\/\/donalucia.es\/#website","url":"http:\/\/donalucia.es\/","name":"Do\u00f1a Lucia","description":"Empanadas artesanas congeladas","publisher":{"@id":"http:\/\/donalucia.es\/#organization"},"potentialAction":[{"@type":"SearchAction","target":{"@type":"EntryPoint","urlTemplate":"http:\/\/donalucia.es\/?s={search_term_string}"},"query-input":{"@type":"PropertyValueSpecification","valueRequired":true,"valueName":"search_term_string"}}],"inLanguage":"es"},{"@type":"Organization","@id":"http:\/\/donalucia.es\/#organization","name":"Do\u00f1a Lucia","url":"http:\/\/donalucia.es\/","logo":{"@type":"ImageObject","inLanguage":"es","@id":"http:\/\/donalucia.es\/#\/schema\/logo\/image\/","url":"https:\/\/donalucia.es\/wp-content\/uploads\/2025\/05\/DonaLucia_Marca_PDF-06.png","contentUrl":"https:\/\/donalucia.es\/wp-content\/uploads\/2025\/05\/DonaLucia_Marca_PDF-06.png","width":935,"height":343,"caption":"Do\u00f1a Lucia"},"image":{"@id":"http:\/\/donalucia.es\/#\/schema\/logo\/image\/"}}]}},"_links":{"self":[{"href":"https:\/\/donalucia.es\/index.php?rest_route=\/wp\/v2\/pages\/304","targetHints":{"allow":["GET"]}}],"collection":[{"href":"https:\/\/donalucia.es\/index.php?rest_route=\/wp\/v2\/pages"}],"about":[{"href":"https:\/\/donalucia.es\/index.php?rest_route=\/wp\/v2\/types\/page"}],"author":[{"embeddable":true,"href":"https:\/\/donalucia.es\/index.php?rest_route=\/wp\/v2\/users\/1"}],"replies":[{"embeddable":true,"href":"https:\/\/donalucia.es\/index.php?rest_route=%2Fwp%2Fv2%2Fcomments&post=304"}],"version-history":[{"count":0,"href":"https:\/\/donalucia.es\/index.php?rest_route=\/wp\/v2\/pages\/304\/revisions"}],"wp:attachment":[{"href":"https:\/\/donalucia.es\/index.php?rest_route=%2Fwp%2Fv2%2Fmedia&parent=304"}],"curies":[{"name":"wp","href":"https:\/\/api.w.org\/{rel}","templated":true}]}}